{"id":45,"date":"2016-03-20T23:30:04","date_gmt":"2016-03-21T02:30:04","guid":{"rendered":"http:\/\/todogomasrl.com.ar\/?page_id=45"},"modified":"2016-05-04T22:19:04","modified_gmt":"2016-05-05T01:19:04","slug":"quienes-somos","status":"publish","type":"page","link":"http:\/\/todogomasrl.com.ar\/?page_id=45","title":{"rendered":"Quienes Somos"},"content":{"rendered":"<p><strong>Somos una empresa familiar, que trabaja d\u00eda a d\u00eda buscando la excelencia en el trato y la atenci\u00f3n al cliente.<\/strong> El esmero cotidiano, y muchos a\u00f1os en San Juan, nos permiten conocer las necesidades y las mejores opciones del amplio rubro industrial de nuestra provincia.<\/p>\n<p>Trabajamos con las marcas m\u00e1s reconocidas y respetadas del mercado, ocup\u00e1ndonos de la calidad y la variedad, dedicando nuestro esfuerzo diario en pos de ofrecer el mejor asesoramiento, considerando particularmente las consultas y pedidos de cada cliente que nos visita.<\/p>\n<p>Donde quiera que Ud. se encuentre en San Juan, personalmente, encontrar\u00e1 a <strong>Todo Goma S.R.L.<\/strong>\u00a0muy cerca suyo,\u00a0podr\u00e1 visitarnos y as\u00ed encontrar la soluci\u00f3n que busca, sino,\u00a0v\u00eda Internet (correo o Facebook) o telef\u00f3nicamente, puede comunicarse con nosotros y conocer nuestros precios y posibilidades de compra.<br \/>\nConsulte las formas de pago, tiempos de entrega, env\u00edos y todo lo que requiera saber; dar respuesta a sus consultas es nuestra satisfacci\u00f3n.<\/p>\n<p>Somos una empresa, una familia, que disfruta de su trabajo.<\/p>\n<p><strong>Gracias por su confianza y por permitirnos crecer d\u00eda a d\u00eda.<\/strong><\/p>\n","protected":false},"excerpt":{"rendered":"<p>Somos una empresa familiar, que trabaja d\u00eda a d\u00eda buscando la excelencia en el trato y la atenci\u00f3n al cliente. El esmero cotidiano, y muchos a\u00f1os en San Juan, nos permiten conocer las necesidades y las mejores opciones del amplio rubro industrial de nuestra provincia. Trabajamos con las marcas m\u00e1s reconocidas y respetadas del mercado, [&hellip;]<\/p>\n","protected":false},"author":1,"featured_media":0,"parent":0,"menu_order":0,"comment_status":"closed","ping_status":"closed","template":"","meta":{"footnotes":""},"class_list":["post-45","page","type-page","status-publish","hentry"],"aioseo_notices":[],"_links":{"self":[{"href":"http:\/\/todogomasrl.com.ar\/index.php?rest_route=\/wp\/v2\/pages\/45","targetHints":{"allow":["GET"]}}],"collection":[{"href":"http:\/\/todogomasrl.com.ar\/index.php?rest_route=\/wp\/v2\/pages"}],"about":[{"href":"http:\/\/todogomasrl.com.ar\/index.php?rest_route=\/wp\/v2\/types\/page"}],"author":[{"embeddable":true,"href":"http:\/\/todogomasrl.com.ar\/index.php?rest_route=\/wp\/v2\/users\/1"}],"replies":[{"embeddable":true,"href":"http:\/\/todogomasrl.com.ar\/index.php?rest_route=%2Fwp%2Fv2%2Fcomments&post=45"}],"version-history":[{"count":1,"href":"http:\/\/todogomasrl.com.ar\/index.php?rest_route=\/wp\/v2\/pages\/45\/revisions"}],"predecessor-version":[{"id":46,"href":"http:\/\/todogomasrl.com.ar\/index.php?rest_route=\/wp\/v2\/pages\/45\/revisions\/46"}],"wp:attachment":[{"href":"http:\/\/todogomasrl.com.ar\/index.php?rest_route=%2Fwp%2Fv2%2Fmedia&parent=45"}],"curies":[{"name":"wp","href":"https:\/\/api.w.org\/{rel}","templated":true}]}}