{"id":43,"date":"2016-03-20T23:22:57","date_gmt":"2016-03-21T02:22:57","guid":{"rendered":"http:\/\/todogomasrl.com.ar\/?page_id=43"},"modified":"2016-05-04T22:19:04","modified_gmt":"2016-05-05T01:19:04","slug":"mision-y-vision","status":"publish","type":"page","link":"http:\/\/todogomasrl.com.ar\/?page_id=43","title":{"rendered":"Misi\u00f3n y Visi\u00f3n"},"content":{"rendered":"<p><b>MISI\u00d3N<\/b><\/p>\n<p><strong>Todo Goma S.R.L.<\/strong>\u00a0es una empresa\u00a0 formal con valores \u00e9ticos, l\u00edder en la distribuci\u00f3n y comercializaci\u00f3n de art\u00edculos, principalmente de goma, para el hogar, el comercio y la industria, ofreciendo productos y servicios de alta calidad para satisfacer las necesidades de nuestros clientes, contando con un excelente equipo\u00a0 humano\u00a0 capacitado con pensamiento empresarial,\u00a0lo que la constituye en una empresa de ejemplo, creadora de empresas, comprometida en dejar huella, con prioridad en las personas\u00a0 construyendo un mundo mejor para todos y trabajamos en esa direcci\u00f3n.<\/p>\n<p><b>VISI\u00d3N<\/b><\/p>\n<p>Para el 2016 seremos una empresa l\u00edder en la comercializaci\u00f3n de productos argentinos\u00a0e importados para el hogar, el comercio y la industria, reconocida en el cumplimiento de su objeto social.<\/p>\n","protected":false},"excerpt":{"rendered":"<p>MISI\u00d3N Todo Goma S.R.L.\u00a0es una empresa\u00a0 formal con valores \u00e9ticos, l\u00edder en la distribuci\u00f3n y comercializaci\u00f3n de art\u00edculos, principalmente de goma, para el hogar, el comercio y la industria, ofreciendo productos y servicios de alta calidad para satisfacer las necesidades de nuestros clientes, contando con un excelente equipo\u00a0 humano\u00a0 capacitado con pensamiento empresarial,\u00a0lo que la [&hellip;]<\/p>\n","protected":false},"author":1,"featured_media":0,"parent":0,"menu_order":0,"comment_status":"closed","ping_status":"closed","template":"","meta":{"footnotes":""},"class_list":["post-43","page","type-page","status-publish","hentry"],"aioseo_notices":[],"_links":{"self":[{"href":"http:\/\/todogomasrl.com.ar\/index.php?rest_route=\/wp\/v2\/pages\/43","targetHints":{"allow":["GET"]}}],"collection":[{"href":"http:\/\/todogomasrl.com.ar\/index.php?rest_route=\/wp\/v2\/pages"}],"about":[{"href":"http:\/\/todogomasrl.com.ar\/index.php?rest_route=\/wp\/v2\/types\/page"}],"author":[{"embeddable":true,"href":"http:\/\/todogomasrl.com.ar\/index.php?rest_route=\/wp\/v2\/users\/1"}],"replies":[{"embeddable":true,"href":"http:\/\/todogomasrl.com.ar\/index.php?rest_route=%2Fwp%2Fv2%2Fcomments&post=43"}],"version-history":[{"count":2,"href":"http:\/\/todogomasrl.com.ar\/index.php?rest_route=\/wp\/v2\/pages\/43\/revisions"}],"predecessor-version":[{"id":47,"href":"http:\/\/todogomasrl.com.ar\/index.php?rest_route=\/wp\/v2\/pages\/43\/revisions\/47"}],"wp:attachment":[{"href":"http:\/\/todogomasrl.com.ar\/index.php?rest_route=%2Fwp%2Fv2%2Fmedia&parent=43"}],"curies":[{"name":"wp","href":"https:\/\/api.w.org\/{rel}","templated":true}]}}